{"id":566,"date":"2025-03-24T07:32:54","date_gmt":"2025-03-24T07:32:54","guid":{"rendered":"https:\/\/vantoslapasrezidencija.lt\/privacy-policy\/"},"modified":"2025-04-17T03:40:38","modified_gmt":"2025-04-17T03:40:38","slug":"privacy-policy","status":"publish","type":"page","link":"https:\/\/vantoslapasrezidencija.lt\/en\/privacy-policy\/","title":{"rendered":"Privacy Policy"},"content":{"rendered":"\n<p><strong><b>1. What information do we collect?<br><\/b><\/strong>We may collect, store, and use the following types of information:<br>\u2022 Information about your computer and your visits to and use of this website (including your IP address, geographical location, browser type, referral source, length of visit, and number of page views);<br>\u2022 Information you provide to us for the purpose of subscribing to our website services, email notifications, and\/or newsletters;<br>\u2022 Any other information you choose to send to us.<\/p>\n<p><strong><b>2. Cookies<\/b><\/strong><br>A cookie is a piece of information sent by a web server to a web browser, and stored by the browser. This information is sent back to the server each time the browser requests a page from it. This enables the web server to identify and track the web browser. We use Google Analytics to analyze the use of this website. Google Analytics generates statistical and other information about website usage through cookies, which are stored on users\u2019 computers. The information generated relating to our website is used to create reports about the use of the website. This information is stored by Google. You can view Google\u2019s privacy policy at: <a href=\"https:\/\/www.google.com\/privacypolicy.html\"><u>https:\/\/www.google.com\/privacypolicy.html <\/u><\/a>. Advertisers or payment service providers may also send you cookies. e display interest-based advertisements from Google AdSense on our website. These are tailored by Google to reflect your interests. Google tracks your browsing behavior using cookies to determine your interests. You can view, delete, or add interest categories associated with your browser using Google\u2019s Ads Preference Manager at: <a href=\"https:\/\/www.google.com\/ads\/preferences\/\"><u>https:\/\/www.google.com\/ads\/preferences\/<\/u><\/a>. You can opt out of the AdSense partner network cookie at: <a href=\"https:\/\/www.google.com\/privacy_ads.html\"><u>https:\/\/www.google.com\/privacy_ads.html <\/u><\/a>. Please note that this opt-out mechanism uses a cookie, so if you delete your cookies, your opt-out will not be saved. To ensure your opt-out remains effective for a specific browser, you should use the Google browser plugin available at: <a href=\"https:\/\/www.google.com\/ads\/preferences\/plugin\"><u>https:\/\/www.google.com\/ads\/preferences\/plugin <\/u><\/a>. Most browsers allow you to refuse all cookies, while some allow you to refuse only third-party cookies. For example, in Internet Explorer, you can refuse all cookies by clicking \u201eTools\u201c &gt; \u201eInternet Options\u201c &gt; \u201ePrivacy\u201c and selecting \u201cBlock all cookies\u201d using the slider. Blocking all cookies will, however, have a negative impact on the usability of many websites, including this one.<\/p>\n<p><strong><b>3. J\u016bs\u0173 asmenini\u0173 duomen\u0173 naudojimas<\/b><\/strong><br>Asmeniniai duomenys, pateikti \u0161ioje interneto svetain\u0117je, bus naudojami tikslams, nurodytiems \u0161ioje privatumo politikoje arba aktualiose \u0161ios interneto svetain\u0117s dalyse. We may use your personal information to:<br>\u2022 Administer the website;<br>\u2022 Improve your browsing experience by personalizing the website;<br>\u2022 With your consent, send you email newsletters we think may be of interest to you (you can inform us at any time if you no longer wish to receive newsletters);<br>\u2022 Provide third parties with statistical information about our users \u2013 but this information will not be used to identify any individual user.<br>We will not, without your express consent, provide your personal information to any third party for the purpose of direct marketing. <\/p>\n<p><strong><b>4. Policy changes<\/b><\/strong><br>We may update this privacy policy from time to time by posting a new version on our website. You should check this page occasionally to ensure you are happy with any changes. <\/p>\n<p><strong><b>5. Third-party websites<\/b><\/strong><br>This website contains links to other websites. We are not responsible for the privacy policies or practices of third-party websites. <\/p>","protected":false},"excerpt":{"rendered":"<p>1. What information do we collect?We may collect, store, and use the following types of information:\u2022 Information about your computer and your visits to and use of this website (including your IP address, geographical location, browser type, referral source, length of visit, and number of page views);\u2022 Information you provide to us for the purpose&#8230;<\/p>\n","protected":false},"author":1,"featured_media":0,"parent":0,"menu_order":0,"comment_status":"closed","ping_status":"open","template":"","meta":{"footnotes":""},"class_list":["post-566","page","type-page","status-publish","hentry"],"acf":[],"_links":{"self":[{"href":"https:\/\/vantoslapasrezidencija.lt\/en\/wp-json\/wp\/v2\/pages\/566","targetHints":{"allow":["GET"]}}],"collection":[{"href":"https:\/\/vantoslapasrezidencija.lt\/en\/wp-json\/wp\/v2\/pages"}],"about":[{"href":"https:\/\/vantoslapasrezidencija.lt\/en\/wp-json\/wp\/v2\/types\/page"}],"author":[{"embeddable":true,"href":"https:\/\/vantoslapasrezidencija.lt\/en\/wp-json\/wp\/v2\/users\/1"}],"replies":[{"embeddable":true,"href":"https:\/\/vantoslapasrezidencija.lt\/en\/wp-json\/wp\/v2\/comments?post=566"}],"version-history":[{"count":1,"href":"https:\/\/vantoslapasrezidencija.lt\/en\/wp-json\/wp\/v2\/pages\/566\/revisions"}],"predecessor-version":[{"id":567,"href":"https:\/\/vantoslapasrezidencija.lt\/en\/wp-json\/wp\/v2\/pages\/566\/revisions\/567"}],"wp:attachment":[{"href":"https:\/\/vantoslapasrezidencija.lt\/en\/wp-json\/wp\/v2\/media?parent=566"}],"curies":[{"name":"wp","href":"https:\/\/api.w.org\/{rel}","templated":true}]}}