{"id":548,"date":"2025-03-26T10:01:53","date_gmt":"2025-03-26T10:01:53","guid":{"rendered":"https:\/\/vantoslapasrezidencija.lt\/f-a-q\/"},"modified":"2026-03-21T15:38:21","modified_gmt":"2026-03-21T15:38:21","slug":"f-a-q","status":"publish","type":"page","link":"https:\/\/vantoslapasrezidencija.lt\/en\/f-a-q\/","title":{"rendered":"F.A.Q."},"content":{"rendered":"<section class=\"l-section wpb_row height_medium\"><div class=\"l-section-h i-cf\"><div class=\"g-cols vc_row via_flex valign_top type_default stacking_default\"><div class=\"vc_col-sm-12 wpb_column vc_column_container\"><div class=\"vc_column-inner\"><div class=\"wpb_wrapper\"><h1 class=\"w-text us_custom_40824568\"><span class=\"w-text-h\"><span class=\"w-text-value\">Frequently Asked Questions<\/span><\/span><\/h1><div class=\"w-separator size_small\"><\/div><div class=\"w-tabs style_default switch_click accordion has_scrolling\" style=\"--sections-title-size:inherit\"><div class=\"w-tabs-sections titles-align_none icon_chevron cpos_right\"><div class=\"w-tabs-section\" id=\"a8c9\" itemscope itemprop=\"mainEntity\" itemtype=\"https:\/\/schema.org\/Question\"><button class=\"w-tabs-section-header\" aria-controls=\"content-a8c9\" aria-expanded=\"false\"><div class=\"w-tabs-section-title\" itemprop=\"name\">What are the check-in and check-out times?<\/div><div class=\"w-tabs-section-control\"><\/div><\/button><div  class=\"w-tabs-section-content\" id=\"content-a8c9\" itemscope itemprop=\"acceptedAnswer\" itemtype=\"https:\/\/schema.org\/Answer\"><div class=\"w-tabs-section-content-h i-cf\" itemprop=\"text\"><div class=\"w-text\"><span class=\"w-text-h\"><span class=\"w-text-value\">Guests are welcome to check in from 3:00 PM. We kindly ask that you check out by 11:00 AM.<\/span><\/span><\/div><\/div><\/div><\/div><div class=\"w-tabs-section\" id=\"g95e\" itemscope itemprop=\"mainEntity\" itemtype=\"https:\/\/schema.org\/Question\"><button class=\"w-tabs-section-header\" aria-controls=\"content-g95e\" aria-expanded=\"false\"><div class=\"w-tabs-section-title\" itemprop=\"name\">Can we come with children?<\/div><div class=\"w-tabs-section-control\"><\/div><\/button><div  class=\"w-tabs-section-content\" id=\"content-g95e\" itemscope itemprop=\"acceptedAnswer\" itemtype=\"https:\/\/schema.org\/Answer\"><div class=\"w-tabs-section-content-h i-cf\" itemprop=\"text\"><div class=\"w-text\"><span class=\"w-text-h\"><span class=\"w-text-value\">Yes, there is a playground for children, and our sandy beach is very comfortable and safe for relaxing with children. Please note that parents are responsible for their children\u2019s safety both inside and outside the cabin.<\/span><\/span><\/div><\/div><\/div><\/div><div class=\"w-tabs-section\" id=\"p9e0\" itemscope itemprop=\"mainEntity\" itemtype=\"https:\/\/schema.org\/Question\"><button class=\"w-tabs-section-header\" aria-controls=\"content-p9e0\" aria-expanded=\"false\"><div class=\"w-tabs-section-title\" itemprop=\"name\">Are pets allowed?<\/div><div class=\"w-tabs-section-control\"><\/div><\/button><div  class=\"w-tabs-section-content\" id=\"content-p9e0\" itemscope itemprop=\"acceptedAnswer\" itemtype=\"https:\/\/schema.org\/Answer\"><div class=\"w-tabs-section-content-h i-cf\" itemprop=\"text\"><div class=\"w-text\"><span class=\"w-text-h\"><span class=\"w-text-value\">Yes, for an additional fee. Pets are welcome, but must be notified and agreed with us in advance. Please remember that the care of animals is your responsibility!  <\/span><\/span><\/div><\/div><\/div><\/div><div class=\"w-tabs-section\" id=\"xa62\" itemscope itemprop=\"mainEntity\" itemtype=\"https:\/\/schema.org\/Question\"><button class=\"w-tabs-section-header\" aria-controls=\"content-xa62\" aria-expanded=\"false\"><div class=\"w-tabs-section-title\" itemprop=\"name\">Is there Wi-Fi in the cabins?<\/div><div class=\"w-tabs-section-control\"><\/div><\/button><div  class=\"w-tabs-section-content\" id=\"content-xa62\" itemscope itemprop=\"acceptedAnswer\" itemtype=\"https:\/\/schema.org\/Answer\"><div class=\"w-tabs-section-content-h i-cf\" itemprop=\"text\"><div class=\"w-text\"><span class=\"w-text-h\"><span class=\"w-text-value\">Yes, wireless internet is available in every house.<\/span><\/span><\/div><\/div><\/div><\/div><div class=\"w-tabs-section\" id=\"kadc\" itemscope itemprop=\"mainEntity\" itemtype=\"https:\/\/schema.org\/Question\"><button class=\"w-tabs-section-header\" aria-controls=\"content-kadc\" aria-expanded=\"false\"><div class=\"w-tabs-section-title\" itemprop=\"name\">Is there a fire pit or grill?<\/div><div class=\"w-tabs-section-control\"><\/div><\/button><div  class=\"w-tabs-section-content\" id=\"content-kadc\" itemscope itemprop=\"acceptedAnswer\" itemtype=\"https:\/\/schema.org\/Answer\"><div class=\"w-tabs-section-content-h i-cf\" itemprop=\"text\"><div class=\"w-text\"><span class=\"w-text-h\"><span class=\"w-text-value\">Yes, there is an outdoor grill with a kazan stove on the terrace of each house. We can also provide grill grates and skewers. Firewood can be brought with you or purchased from us for an additional fee.<\/span><\/span><\/div><\/div><\/div><\/div><div class=\"w-tabs-section\" id=\"cb55\" itemscope itemprop=\"mainEntity\" itemtype=\"https:\/\/schema.org\/Question\"><button class=\"w-tabs-section-header\" aria-controls=\"content-cb55\" aria-expanded=\"false\"><div class=\"w-tabs-section-title\" itemprop=\"name\">What\u2019s available in the kitchen?<\/div><div class=\"w-tabs-section-control\"><\/div><\/button><div  class=\"w-tabs-section-content\" id=\"content-cb55\" itemscope itemprop=\"acceptedAnswer\" itemtype=\"https:\/\/schema.org\/Answer\"><div class=\"w-tabs-section-content-h i-cf\" itemprop=\"text\"><div class=\"w-text\"><span class=\"w-text-h\"><span class=\"w-text-value\">Each house has a kitchen with a hotplate, kettle, all dishes and utensils, a refrigerator with a freezer. You will also find a drinking water dispenser. The Oras house also has a dishwasher, microwave, and oven.  <\/span><\/span><\/div><\/div><\/div><\/div><div class=\"w-tabs-section\" id=\"cbce\" itemscope itemprop=\"mainEntity\" itemtype=\"https:\/\/schema.org\/Question\"><button class=\"w-tabs-section-header\" aria-controls=\"content-cbce\" aria-expanded=\"false\"><div class=\"w-tabs-section-title\" itemprop=\"name\">Do I need to bring my own bedding or towels?<\/div><div class=\"w-tabs-section-control\"><\/div><\/button><div  class=\"w-tabs-section-content\" id=\"content-cbce\" itemscope itemprop=\"acceptedAnswer\" itemtype=\"https:\/\/schema.org\/Answer\"><div class=\"w-tabs-section-content-h i-cf\" itemprop=\"text\"><div class=\"w-text\"><span class=\"w-text-h\"><span class=\"w-text-value\">Ne. Patalyne ir rank\u0161luos\u010diais pasir\u016bpinsime mes. <\/span><\/span><\/div><\/div><\/div><\/div><div class=\"w-tabs-section\" id=\"tc45\" itemscope itemprop=\"mainEntity\" itemtype=\"https:\/\/schema.org\/Question\"><button class=\"w-tabs-section-header\" aria-controls=\"content-tc45\" aria-expanded=\"false\"><div class=\"w-tabs-section-title\" itemprop=\"name\">Is fishing allowed?<\/div><div class=\"w-tabs-section-control\"><\/div><\/button><div  class=\"w-tabs-section-content\" id=\"content-tc45\" itemscope itemprop=\"acceptedAnswer\" itemtype=\"https:\/\/schema.org\/Answer\"><div class=\"w-tabs-section-content-h i-cf\" itemprop=\"text\"><div class=\"w-text\"><span class=\"w-text-h\"><span class=\"w-text-value\">Yes, fishing is permitted on the lakeshore. Please bring your own fishing gear and equipment.<\/span><\/span><\/div><\/div><\/div><\/div><div class=\"w-tabs-section\" id=\"vcb8\" itemscope itemprop=\"mainEntity\" itemtype=\"https:\/\/schema.org\/Question\"><button class=\"w-tabs-section-header\" aria-controls=\"content-vcb8\" aria-expanded=\"false\"><div class=\"w-tabs-section-title\" itemprop=\"name\">Is parking available?<\/div><div class=\"w-tabs-section-control\"><\/div><\/button><div  class=\"w-tabs-section-content\" id=\"content-vcb8\" itemscope itemprop=\"acceptedAnswer\" itemtype=\"https:\/\/schema.org\/Answer\"><div class=\"w-tabs-section-content-h i-cf\" itemprop=\"text\"><div class=\"w-text\"><span class=\"w-text-h\"><span class=\"w-text-value\">Yes, there is free parking.<\/span><\/span><\/div><\/div><\/div><\/div><div class=\"w-tabs-section\" id=\"yd3d\" itemscope itemprop=\"mainEntity\" itemtype=\"https:\/\/schema.org\/Question\"><button class=\"w-tabs-section-header\" aria-controls=\"content-yd3d\" aria-expanded=\"false\"><div class=\"w-tabs-section-title\" itemprop=\"name\">What is the payment and cancellation policy?<\/div><div class=\"w-tabs-section-control\"><\/div><\/button><div  class=\"w-tabs-section-content\" id=\"content-yd3d\" itemscope itemprop=\"acceptedAnswer\" itemtype=\"https:\/\/schema.org\/Answer\"><div class=\"w-tabs-section-content-h i-cf\" itemprop=\"text\"><div class=\"w-text\"><span class=\"w-text-h\"><span class=\"w-text-value\">The reservation is confirmed with a pre-agreed deposit of 30% of the total amount, which is paid by bank transfer. The client pays the remaining amount 2 days before the stay by bank transfer or upon arrival. Please note that bookings are non-refundable. However, if something comes up, contact us \u2014 we\u2019ll try to find a solution.<\/span><\/span><\/div><\/div><\/div><\/div><div class=\"w-tabs-section\" id=\"ndb1\" itemscope itemprop=\"mainEntity\" itemtype=\"https:\/\/schema.org\/Question\"><button class=\"w-tabs-section-header\" aria-controls=\"content-ndb1\" aria-expanded=\"false\"><div class=\"w-tabs-section-title\" itemprop=\"name\">Are there quiet hours?<\/div><div class=\"w-tabs-section-control\"><\/div><\/button><div  class=\"w-tabs-section-content\" id=\"content-ndb1\" itemscope itemprop=\"acceptedAnswer\" itemtype=\"https:\/\/schema.org\/Answer\"><div class=\"w-tabs-section-content-h i-cf\" itemprop=\"text\"><div class=\"w-text\"><span class=\"w-text-h\"><span class=\"w-text-value\">Taip, ramyb\u0117s metas nuo 22 val. iki 9 val. <\/span><\/span><\/div><\/div><\/div><\/div><div class=\"w-tabs-section\" id=\"ke21\" itemscope itemprop=\"mainEntity\" itemtype=\"https:\/\/schema.org\/Question\"><button class=\"w-tabs-section-header\" aria-controls=\"content-ke21\" aria-expanded=\"false\"><div class=\"w-tabs-section-title\" itemprop=\"name\">Where is a convenient place to launch a boat?<\/div><div class=\"w-tabs-section-control\"><\/div><\/button><div  class=\"w-tabs-section-content\" id=\"content-ke21\" itemscope itemprop=\"acceptedAnswer\" itemtype=\"https:\/\/schema.org\/Answer\"><div class=\"w-tabs-section-content-h i-cf\" itemprop=\"text\"><div class=\"w-text\"><span class=\"w-text-h\"><span class=\"w-text-value\">54.599414, 24.795975<\/span><\/span><\/div><\/div><\/div><\/div><div class=\"w-tabs-section\" id=\"tea1\" itemscope itemprop=\"mainEntity\" itemtype=\"https:\/\/schema.org\/Question\"><button class=\"w-tabs-section-header\" aria-controls=\"content-tea1\" aria-expanded=\"false\"><div class=\"w-tabs-section-title\" itemprop=\"name\">Calendar of use of motorized vessels.<\/div><div class=\"w-tabs-section-control\"><\/div><\/button><div  class=\"w-tabs-section-content\" id=\"content-tea1\" itemscope itemprop=\"acceptedAnswer\" itemtype=\"https:\/\/schema.org\/Answer\"><div class=\"w-tabs-section-content-h i-cf\" itemprop=\"text\"><div class=\"w-text\"><span target=\"_blank\" class=\"w-text-h\"><span class=\"w-text-value\">Throughout the sailing season: Electric motor \/ Without motor. From April 1st: Gasoline engine up to 10 HP; Gasoline engine from 11 to 20 HP; Gasoline engine from 21 to 150 HP. Prohibited: Gasoline engine from 151 to 300 HP.      <\/span><\/span><\/div><\/div><\/div><\/div><\/div><\/div><\/div><\/div><\/div><\/div><\/div><\/section>\n","protected":false},"excerpt":{"rendered":"Frequently Asked QuestionsWhat are the check-in and check-out times?Guests are welcome to check in from 3:00 PM. We kindly ask that you check out by 11:00 AM.Can we come with children?Yes, there is a playground for children, and our sandy beach is very comfortable and safe for relaxing with children. Please note that parents are...","protected":false},"author":1,"featured_media":0,"parent":0,"menu_order":0,"comment_status":"closed","ping_status":"closed","template":"","meta":{"footnotes":""},"class_list":["post-548","page","type-page","status-publish","hentry"],"acf":[],"_links":{"self":[{"href":"https:\/\/vantoslapasrezidencija.lt\/en\/wp-json\/wp\/v2\/pages\/548","targetHints":{"allow":["GET"]}}],"collection":[{"href":"https:\/\/vantoslapasrezidencija.lt\/en\/wp-json\/wp\/v2\/pages"}],"about":[{"href":"https:\/\/vantoslapasrezidencija.lt\/en\/wp-json\/wp\/v2\/types\/page"}],"author":[{"embeddable":true,"href":"https:\/\/vantoslapasrezidencija.lt\/en\/wp-json\/wp\/v2\/users\/1"}],"replies":[{"embeddable":true,"href":"https:\/\/vantoslapasrezidencija.lt\/en\/wp-json\/wp\/v2\/comments?post=548"}],"version-history":[{"count":8,"href":"https:\/\/vantoslapasrezidencija.lt\/en\/wp-json\/wp\/v2\/pages\/548\/revisions"}],"predecessor-version":[{"id":1772,"href":"https:\/\/vantoslapasrezidencija.lt\/en\/wp-json\/wp\/v2\/pages\/548\/revisions\/1772"}],"wp:attachment":[{"href":"https:\/\/vantoslapasrezidencija.lt\/en\/wp-json\/wp\/v2\/media?parent=548"}],"curies":[{"name":"wp","href":"https:\/\/api.w.org\/{rel}","templated":true}]}}